{"id":3314,"date":"2024-03-06T11:55:17","date_gmt":"2024-03-06T10:55:17","guid":{"rendered":"https:\/\/associationfanarenana.org\/?page_id=3314"},"modified":"2024-06-20T20:21:11","modified_gmt":"2024-06-20T18:21:11","slug":"journee-de-sortie-et-de-decouverte","status":"publish","type":"page","link":"https:\/\/associationfanarenana.org\/index.php\/journee-de-sortie-et-de-decouverte\/","title":{"rendered":"Journ\u00e9e de sortie et de d\u00e9couverte"},"content":{"rendered":"\t\t<div data-elementor-type=\"wp-page\" data-elementor-id=\"3314\" class=\"elementor elementor-3314\">\n\t\t\t\t\t\t<section class=\"elementor-section elementor-top-section elementor-element elementor-element-6fdbc7d2 elementor-section-boxed elementor-section-height-default elementor-section-height-default wpr-particle-no wpr-jarallax-no wpr-parallax-no wpr-sticky-section-no\" data-id=\"6fdbc7d2\" data-element_type=\"section\" data-e-type=\"section\" data-settings=\"{&quot;background_background&quot;:&quot;classic&quot;}\">\n\t\t\t\t\t\t\t<div class=\"elementor-background-overlay\"><\/div>\n\t\t\t\t\t\t\t<div class=\"elementor-container elementor-column-gap-extended\">\n\t\t\t\t\t<div class=\"elementor-column elementor-col-100 elementor-top-column elementor-element elementor-element-71b7c165\" data-id=\"71b7c165\" data-element_type=\"column\" data-e-type=\"column\">\n\t\t\t<div class=\"elementor-widget-wrap elementor-element-populated\">\n\t\t\t\t\t\t<div class=\"elementor-element elementor-element-e709bf0 elementor-invisible elementor-widget elementor-widget-heading\" data-id=\"e709bf0\" data-element_type=\"widget\" data-e-type=\"widget\" data-settings=\"{&quot;_animation&quot;:&quot;fadeInDown&quot;}\" data-widget_type=\"heading.default\">\n\t\t\t\t<div class=\"elementor-widget-container\">\n\t\t\t\t\t<h1 class=\"elementor-heading-title elementor-size-default\">Journ\u00e9es &amp; sorties d\u00e9couvertes<\/h1>\t\t\t\t<\/div>\n\t\t\t\t<\/div>\n\t\t\t\t<div class=\"elementor-element elementor-element-dcd2719 elementor-widget-divider--view-line elementor-widget elementor-widget-divider\" data-id=\"dcd2719\" data-element_type=\"widget\" data-e-type=\"widget\" data-widget_type=\"divider.default\">\n\t\t\t\t<div class=\"elementor-widget-container\">\n\t\t\t\t\t\t\t<div class=\"elementor-divider\">\n\t\t\t<span class=\"elementor-divider-separator\">\n\t\t\t\t\t\t<\/span>\n\t\t<\/div>\n\t\t\t\t\t\t<\/div>\n\t\t\t\t<\/div>\n\t\t\t\t\t<\/div>\n\t\t<\/div>\n\t\t\t\t\t<\/div>\n\t\t<\/section>\n\t\t\t\t<section class=\"elementor-section elementor-top-section elementor-element elementor-element-753e5d66 elementor-section-content-middle elementor-section-boxed elementor-section-height-default elementor-section-height-default wpr-particle-no wpr-jarallax-no wpr-parallax-no wpr-sticky-section-no\" data-id=\"753e5d66\" data-element_type=\"section\" data-e-type=\"section\" data-settings=\"{&quot;background_background&quot;:&quot;classic&quot;}\">\n\t\t\t\t\t\t\t<div class=\"elementor-background-overlay\"><\/div>\n\t\t\t\t\t\t\t<div class=\"elementor-container elementor-column-gap-wider\">\n\t\t\t\t\t<div class=\"elementor-column elementor-col-50 elementor-top-column elementor-element elementor-element-444f2825\" data-id=\"444f2825\" data-element_type=\"column\" data-e-type=\"column\">\n\t\t\t<div class=\"elementor-widget-wrap elementor-element-populated\">\n\t\t\t\t\t\t<div class=\"elementor-element elementor-element-e4c1b98 elementor-invisible elementor-widget elementor-widget-text-editor\" data-id=\"e4c1b98\" data-element_type=\"widget\" data-e-type=\"widget\" data-settings=\"{&quot;_animation&quot;:&quot;fadeInUp&quot;,&quot;_animation_delay&quot;:400}\" data-widget_type=\"text-editor.default\">\n\t\t\t\t<div class=\"elementor-widget-container\">\n\t\t\t\t\t\t\t\t\t<p>L&rsquo;ACTIVIT\u00e9<\/p>\t\t\t\t\t\t\t\t<\/div>\n\t\t\t\t<\/div>\n\t\t\t\t<div class=\"elementor-element elementor-element-853e463 elementor-widget-divider--view-line elementor-widget elementor-widget-divider\" data-id=\"853e463\" data-element_type=\"widget\" data-e-type=\"widget\" data-widget_type=\"divider.default\">\n\t\t\t\t<div class=\"elementor-widget-container\">\n\t\t\t\t\t\t\t<div class=\"elementor-divider\">\n\t\t\t<span class=\"elementor-divider-separator\">\n\t\t\t\t\t\t<\/span>\n\t\t<\/div>\n\t\t\t\t\t\t<\/div>\n\t\t\t\t<\/div>\n\t\t\t\t<div class=\"elementor-element elementor-element-73e4778d elementor-widget elementor-widget-text-editor\" data-id=\"73e4778d\" data-element_type=\"widget\" data-e-type=\"widget\" data-widget_type=\"text-editor.default\">\n\t\t\t\t<div class=\"elementor-widget-container\">\n\t\t\t\t\t\t\t\t\t<p>L&rsquo;\u00e9largissement des horizons culturels est vis\u00e9 par ces exp\u00e9ditions, permettant ainsi la d\u00e9couverte de la richesse de la culture malgache \u00e0 travers la visite de mus\u00e9es, l&rsquo;exploration de la faune, de la flore et des parcs. Au-del\u00e0 de l&rsquo;aspect ludique, le d\u00e9veloppement de comp\u00e9tences sociales, cognitives et \u00e9motionnelles est favoris\u00e9 par ces sorties, renfor\u00e7ant ainsi le sens de l&rsquo;inclusion et contribuant \u00e0 l&rsquo;autonomie des jeunes. En exposant les participants \u00e0 de nouveaux environnements et exp\u00e9riences, l&rsquo;enrichissement global est contribu\u00e9 par ces initiatives \u00e9ducatives, stimulant ainsi leur apprentissage, favorisant leur bien-\u00eatre physique et \u00e9motionnel, et promouvant une vision inclusive de la soci\u00e9t\u00e9.<\/p>\t\t\t\t\t\t\t\t<\/div>\n\t\t\t\t<\/div>\n\t\t\t\t<div class=\"elementor-element elementor-element-bb4bb88 elementor-icon-list--layout-traditional elementor-list-item-link-full_width elementor-widget elementor-widget-icon-list\" data-id=\"bb4bb88\" data-element_type=\"widget\" data-e-type=\"widget\" data-widget_type=\"icon-list.default\">\n\t\t\t\t<div class=\"elementor-widget-container\">\n\t\t\t\t\t\t\t<ul class=\"elementor-icon-list-items\">\n\t\t\t\t\t\t\t<li class=\"elementor-icon-list-item\">\n\t\t\t\t\t\t\t\t\t\t\t<span class=\"elementor-icon-list-icon\">\n\t\t\t\t\t\t\t<i aria-hidden=\"true\" class=\"far fa-check-circle\"><\/i>\t\t\t\t\t\t<\/span>\n\t\t\t\t\t\t\t\t\t\t<span class=\"elementor-icon-list-text\">Permettre aux enfants et jeunes de d\u00e9couvrir la richesse de Madgascar <\/span>\n\t\t\t\t\t\t\t\t\t<\/li>\n\t\t\t\t\t\t\t\t<li class=\"elementor-icon-list-item\">\n\t\t\t\t\t\t\t\t\t\t\t<span class=\"elementor-icon-list-icon\">\n\t\t\t\t\t\t\t<i aria-hidden=\"true\" class=\"far fa-check-circle\"><\/i>\t\t\t\t\t\t<\/span>\n\t\t\t\t\t\t\t\t\t\t<span class=\"elementor-icon-list-text\">Favoriser le d\u00e9veloppement de comp\u00e9tences dans un nouvel environnement<\/span>\n\t\t\t\t\t\t\t\t\t<\/li>\n\t\t\t\t\t\t\t\t<li class=\"elementor-icon-list-item\">\n\t\t\t\t\t\t\t\t\t\t\t<span class=\"elementor-icon-list-icon\">\n\t\t\t\t\t\t\t<i aria-hidden=\"true\" class=\"far fa-check-circle\"><\/i>\t\t\t\t\t\t<\/span>\n\t\t\t\t\t\t\t\t\t\t<span class=\"elementor-icon-list-text\">Stimuler leur curiosit\u00e9 et apprentissage <\/span>\n\t\t\t\t\t\t\t\t\t<\/li>\n\t\t\t\t\t\t\t\t<li class=\"elementor-icon-list-item\">\n\t\t\t\t\t\t\t\t\t\t\t<span class=\"elementor-icon-list-icon\">\n\t\t\t\t\t\t\t<i aria-hidden=\"true\" class=\"far fa-check-circle\"><\/i>\t\t\t\t\t\t<\/span>\n\t\t\t\t\t\t\t\t\t\t<span class=\"elementor-icon-list-text\">Favoriser l'inclusion des enfants et jeunes <\/span>\n\t\t\t\t\t\t\t\t\t<\/li>\n\t\t\t\t\t\t<\/ul>\n\t\t\t\t\t\t<\/div>\n\t\t\t\t<\/div>\n\t\t\t\t\t<\/div>\n\t\t<\/div>\n\t\t\t\t<div class=\"elementor-column elementor-col-50 elementor-top-column elementor-element elementor-element-31e9105c\" data-id=\"31e9105c\" data-element_type=\"column\" data-e-type=\"column\">\n\t\t\t<div class=\"elementor-widget-wrap elementor-element-populated\">\n\t\t\t\t\t\t<div class=\"elementor-element elementor-element-4eff3033 elementor-widget elementor-widget-image\" data-id=\"4eff3033\" data-element_type=\"widget\" data-e-type=\"widget\" data-widget_type=\"image.default\">\n\t\t\t\t<div class=\"elementor-widget-container\">\n\t\t\t\t\t\t\t\t\t\t\t\t\t\t\t\t<a href=\"https:\/\/associationfanarenana.org\/wp-content\/uploads\/2024\/03\/P1270496.jpg\" data-elementor-open-lightbox=\"yes\" data-elementor-lightbox-title=\"sorties d\u00e9couvertes\" data-e-action-hash=\"#elementor-action%3Aaction%3Dlightbox%26settings%3DeyJpZCI6NDc5NSwidXJsIjoiaHR0cHM6XC9cL2Fzc29jaWF0aW9uZmFuYXJlbmFuYS5vcmdcL3dwLWNvbnRlbnRcL3VwbG9hZHNcLzIwMjRcLzAzXC9QMTI3MDQ5Ni5qcGcifQ%3D%3D\">\n\t\t\t\t\t\t\t<img decoding=\"async\" src=\"https:\/\/associationfanarenana.org\/wp-content\/uploads\/elementor\/thumbs\/P1270496-ql14xuw1a7jdqejggdjk3gxelz1zroz4lhop2hw2gg.jpg\" title=\"sorties d\u00e9couvertes\" alt=\"sorties d\u00e9couvertes\" loading=\"lazy\" \/>\t\t\t\t\t\t\t\t<\/a>\n\t\t\t\t\t\t\t\t\t\t\t\t\t\t\t<\/div>\n\t\t\t\t<\/div>\n\t\t\t\t<section class=\"elementor-section elementor-inner-section elementor-element elementor-element-6b0c229 elementor-section-boxed elementor-section-height-default elementor-section-height-default wpr-particle-no wpr-jarallax-no wpr-parallax-no wpr-sticky-section-no\" data-id=\"6b0c229\" data-element_type=\"section\" data-e-type=\"section\">\n\t\t\t\t\t\t<div class=\"elementor-container elementor-column-gap-no\">\n\t\t\t\t\t<div class=\"elementor-column elementor-col-50 elementor-inner-column elementor-element elementor-element-263f013b\" data-id=\"263f013b\" data-element_type=\"column\" data-e-type=\"column\">\n\t\t\t<div class=\"elementor-widget-wrap elementor-element-populated\">\n\t\t\t\t\t\t<div class=\"elementor-element elementor-element-53c3694c e-transform e-transform elementor-widget elementor-widget-image\" data-id=\"53c3694c\" data-element_type=\"widget\" data-e-type=\"widget\" data-settings=\"{&quot;_transform_rotateZ_effect&quot;:{&quot;unit&quot;:&quot;px&quot;,&quot;size&quot;:-90,&quot;sizes&quot;:[]},&quot;_transform_flipY_effect&quot;:&quot;transform&quot;,&quot;_transform_rotateZ_effect_tablet&quot;:{&quot;unit&quot;:&quot;deg&quot;,&quot;size&quot;:&quot;&quot;,&quot;sizes&quot;:[]},&quot;_transform_rotateZ_effect_mobile&quot;:{&quot;unit&quot;:&quot;deg&quot;,&quot;size&quot;:&quot;&quot;,&quot;sizes&quot;:[]}}\" data-widget_type=\"image.default\">\n\t\t\t\t<div class=\"elementor-widget-container\">\n\t\t\t\t\t\t\t\t\t\t\t\t\t\t\t\t<a href=\"https:\/\/associationfanarenana.org\/wp-content\/uploads\/2024\/03\/P1270480-rotated.jpg\" data-elementor-open-lightbox=\"yes\" data-elementor-lightbox-title=\"sorties d\u00e9couvertes\" data-e-action-hash=\"#elementor-action%3Aaction%3Dlightbox%26settings%3DeyJpZCI6NDc5NiwidXJsIjoiaHR0cHM6XC9cL2Fzc29jaWF0aW9uZmFuYXJlbmFuYS5vcmdcL3dwLWNvbnRlbnRcL3VwbG9hZHNcLzIwMjRcLzAzXC9QMTI3MDQ4MC1yb3RhdGVkLmpwZyJ9\">\n\t\t\t\t\t\t\t<img decoding=\"async\" src=\"https:\/\/associationfanarenana.org\/wp-content\/uploads\/elementor\/thumbs\/P1270480-rotated-ql14y1gwm1sdzo9wdydy2x9mro5k9kp8ye93ffmb8w.jpg\" title=\"sorties d\u00e9couvertes\" alt=\"sorties d\u00e9couvertes\" loading=\"lazy\" \/>\t\t\t\t\t\t\t\t<\/a>\n\t\t\t\t\t\t\t\t\t\t\t\t\t\t\t<\/div>\n\t\t\t\t<\/div>\n\t\t\t\t\t<\/div>\n\t\t<\/div>\n\t\t\t\t<div class=\"elementor-column elementor-col-50 elementor-inner-column elementor-element elementor-element-12558775\" data-id=\"12558775\" data-element_type=\"column\" data-e-type=\"column\">\n\t\t\t<div class=\"elementor-widget-wrap elementor-element-populated\">\n\t\t\t\t\t\t<div class=\"elementor-element elementor-element-4fa44656 elementor-widget elementor-widget-image\" data-id=\"4fa44656\" data-element_type=\"widget\" data-e-type=\"widget\" data-widget_type=\"image.default\">\n\t\t\t\t<div class=\"elementor-widget-container\">\n\t\t\t\t\t\t\t\t\t\t\t\t\t\t\t\t<a href=\"https:\/\/associationfanarenana.org\/wp-content\/uploads\/2024\/03\/P1170355-scaled.jpg\" data-elementor-open-lightbox=\"yes\" data-elementor-lightbox-title=\"sorties d\u00e9couvertes\" data-e-action-hash=\"#elementor-action%3Aaction%3Dlightbox%26settings%3DeyJpZCI6NDc5NywidXJsIjoiaHR0cHM6XC9cL2Fzc29jaWF0aW9uZmFuYXJlbmFuYS5vcmdcL3dwLWNvbnRlbnRcL3VwbG9hZHNcLzIwMjRcLzAzXC9QMTE3MDM1NS1zY2FsZWQuanBnIn0%3D\">\n\t\t\t\t\t\t\t<img decoding=\"async\" src=\"https:\/\/associationfanarenana.org\/wp-content\/uploads\/elementor\/thumbs\/P1170355-scaled-ql14y8zm4q2okjyz61mymvdbir4hz5j3nfgz9nb5v4.jpg\" title=\"sorties d\u00e9couvertes\" alt=\"sorties d\u00e9couvertes\" loading=\"lazy\" \/>\t\t\t\t\t\t\t\t<\/a>\n\t\t\t\t\t\t\t\t\t\t\t\t\t\t\t<\/div>\n\t\t\t\t<\/div>\n\t\t\t\t\t<\/div>\n\t\t<\/div>\n\t\t\t\t\t<\/div>\n\t\t<\/section>\n\t\t\t\t\t<\/div>\n\t\t<\/div>\n\t\t\t\t\t<\/div>\n\t\t<\/section>\n\t\t\t\t<\/div>\n\t\t","protected":false},"excerpt":{"rendered":"<p>Journ\u00e9es &#038; sorties d\u00e9couvertes L&rsquo;ACTIVIT\u00e9 L&rsquo;\u00e9largissement des horizons culturels est vis\u00e9 par ces exp\u00e9ditions, permettant ainsi la d\u00e9couverte de la richesse de la culture malgache \u00e0 travers la visite de mus\u00e9es, l&rsquo;exploration de la faune, de la flore et des parcs. Au-del\u00e0 de l&rsquo;aspect ludique, le d\u00e9veloppement de comp\u00e9tences sociales, cognitives et \u00e9motionnelles est favoris\u00e9 [&hellip;]<\/p>\n","protected":false},"author":1,"featured_media":0,"parent":0,"menu_order":0,"comment_status":"closed","ping_status":"closed","template":"","meta":{"footnotes":""},"class_list":["post-3314","page","type-page","status-publish","hentry"],"blocksy_meta":[],"yoast_head":"<!-- This site is optimized with the Yoast SEO plugin v22.2 - https:\/\/yoast.com\/wordpress\/plugins\/seo\/ -->\n<title>Journ\u00e9e de sortie et de d\u00e9couverte - Association Fanarenana<\/title>\n<meta name=\"robots\" content=\"index, follow, max-snippet:-1, max-image-preview:large, max-video-preview:-1\" \/>\n<link rel=\"canonical\" href=\"https:\/\/associationfanarenana.org\/index.php\/journee-de-sortie-et-de-decouverte\/\" \/>\n<meta property=\"og:locale\" content=\"fr_FR\" \/>\n<meta property=\"og:type\" content=\"article\" \/>\n<meta property=\"og:title\" content=\"Journ\u00e9e de sortie et de d\u00e9couverte - Association Fanarenana\" \/>\n<meta property=\"og:description\" content=\"Journ\u00e9es &#038; sorties d\u00e9couvertes L&rsquo;ACTIVIT\u00e9 L&rsquo;\u00e9largissement des horizons culturels est vis\u00e9 par ces exp\u00e9ditions, permettant ainsi la d\u00e9couverte de la richesse de la culture malgache \u00e0 travers la visite de mus\u00e9es, l&rsquo;exploration de la faune, de la flore et des parcs. Au-del\u00e0 de l&rsquo;aspect ludique, le d\u00e9veloppement de comp\u00e9tences sociales, cognitives et \u00e9motionnelles est favoris\u00e9 [&hellip;]\" \/>\n<meta property=\"og:url\" content=\"https:\/\/associationfanarenana.org\/index.php\/journee-de-sortie-et-de-decouverte\/\" \/>\n<meta property=\"og:site_name\" content=\"Association Fanarenana\" \/>\n<meta property=\"article:modified_time\" content=\"2024-06-20T18:21:11+00:00\" \/>\n<meta property=\"og:image\" content=\"https:\/\/associationfanarenana.org\/wp-content\/uploads\/elementor\/thumbs\/P1270496-ql14xuw1a7jdqejggdjk3gxelz1zroz4lhop2hw2gg.jpg\" \/>\n<meta name=\"twitter:card\" content=\"summary_large_image\" \/>\n<meta name=\"twitter:label1\" content=\"Dur\u00e9e de lecture estim\u00e9e\" \/>\n\t<meta name=\"twitter:data1\" content=\"2 minutes\" \/>\n<script type=\"application\/ld+json\" class=\"yoast-schema-graph\">{\"@context\":\"https:\/\/schema.org\",\"@graph\":[{\"@type\":\"WebPage\",\"@id\":\"https:\/\/associationfanarenana.org\/index.php\/journee-de-sortie-et-de-decouverte\/\",\"url\":\"https:\/\/associationfanarenana.org\/index.php\/journee-de-sortie-et-de-decouverte\/\",\"name\":\"Journ\u00e9e de sortie et de d\u00e9couverte - Association Fanarenana\",\"isPartOf\":{\"@id\":\"https:\/\/associationfanarenana.org\/#website\"},\"primaryImageOfPage\":{\"@id\":\"https:\/\/associationfanarenana.org\/index.php\/journee-de-sortie-et-de-decouverte\/#primaryimage\"},\"image\":{\"@id\":\"https:\/\/associationfanarenana.org\/index.php\/journee-de-sortie-et-de-decouverte\/#primaryimage\"},\"thumbnailUrl\":\"https:\/\/associationfanarenana.org\/wp-content\/uploads\/elementor\/thumbs\/P1270496-ql14xuw1a7jdqejggdjk3gxelz1zroz4lhop2hw2gg.jpg\",\"datePublished\":\"2024-03-06T10:55:17+00:00\",\"dateModified\":\"2024-06-20T18:21:11+00:00\",\"breadcrumb\":{\"@id\":\"https:\/\/associationfanarenana.org\/index.php\/journee-de-sortie-et-de-decouverte\/#breadcrumb\"},\"inLanguage\":\"fr-FR\",\"potentialAction\":[{\"@type\":\"ReadAction\",\"target\":[\"https:\/\/associationfanarenana.org\/index.php\/journee-de-sortie-et-de-decouverte\/\"]}]},{\"@type\":\"ImageObject\",\"inLanguage\":\"fr-FR\",\"@id\":\"https:\/\/associationfanarenana.org\/index.php\/journee-de-sortie-et-de-decouverte\/#primaryimage\",\"url\":\"https:\/\/associationfanarenana.org\/wp-content\/uploads\/elementor\/thumbs\/P1270496-ql14xuw1a7jdqejggdjk3gxelz1zroz4lhop2hw2gg.jpg\",\"contentUrl\":\"https:\/\/associationfanarenana.org\/wp-content\/uploads\/elementor\/thumbs\/P1270496-ql14xuw1a7jdqejggdjk3gxelz1zroz4lhop2hw2gg.jpg\"},{\"@type\":\"BreadcrumbList\",\"@id\":\"https:\/\/associationfanarenana.org\/index.php\/journee-de-sortie-et-de-decouverte\/#breadcrumb\",\"itemListElement\":[{\"@type\":\"ListItem\",\"position\":1,\"name\":\"Accueil\",\"item\":\"https:\/\/associationfanarenana.org\/\"},{\"@type\":\"ListItem\",\"position\":2,\"name\":\"Journ\u00e9e de sortie et de d\u00e9couverte\"}]},{\"@type\":\"WebSite\",\"@id\":\"https:\/\/associationfanarenana.org\/#website\",\"url\":\"https:\/\/associationfanarenana.org\/\",\"name\":\"Association Fanarenana\",\"description\":\"Promouvoir la r\u00e9adaptation des enfants et jeunes en situation de handicap \u00e0 Madagasacar\",\"publisher\":{\"@id\":\"https:\/\/associationfanarenana.org\/#organization\"},\"potentialAction\":[{\"@type\":\"SearchAction\",\"target\":{\"@type\":\"EntryPoint\",\"urlTemplate\":\"https:\/\/associationfanarenana.org\/?s={search_term_string}\"},\"query-input\":\"required name=search_term_string\"}],\"inLanguage\":\"fr-FR\"},{\"@type\":\"Organization\",\"@id\":\"https:\/\/associationfanarenana.org\/#organization\",\"name\":\"Association Fanarenana\",\"url\":\"https:\/\/associationfanarenana.org\/\",\"logo\":{\"@type\":\"ImageObject\",\"inLanguage\":\"fr-FR\",\"@id\":\"https:\/\/associationfanarenana.org\/#\/schema\/logo\/image\/\",\"url\":\"https:\/\/associationfanarenana.org\/wp-content\/uploads\/2023\/12\/Logo_Fanarenana1.png\",\"contentUrl\":\"https:\/\/associationfanarenana.org\/wp-content\/uploads\/2023\/12\/Logo_Fanarenana1.png\",\"width\":488,\"height\":405,\"caption\":\"Association Fanarenana\"},\"image\":{\"@id\":\"https:\/\/associationfanarenana.org\/#\/schema\/logo\/image\/\"},\"sameAs\":[\"https:\/\/www.instagram.com\/association_fanarenana\/\"]}]}<\/script>\n<!-- \/ Yoast SEO plugin. -->","yoast_head_json":{"title":"Journ\u00e9e de sortie et de d\u00e9couverte - Association Fanarenana","robots":{"index":"index","follow":"follow","max-snippet":"max-snippet:-1","max-image-preview":"max-image-preview:large","max-video-preview":"max-video-preview:-1"},"canonical":"https:\/\/associationfanarenana.org\/index.php\/journee-de-sortie-et-de-decouverte\/","og_locale":"fr_FR","og_type":"article","og_title":"Journ\u00e9e de sortie et de d\u00e9couverte - Association Fanarenana","og_description":"Journ\u00e9es &#038; sorties d\u00e9couvertes L&rsquo;ACTIVIT\u00e9 L&rsquo;\u00e9largissement des horizons culturels est vis\u00e9 par ces exp\u00e9ditions, permettant ainsi la d\u00e9couverte de la richesse de la culture malgache \u00e0 travers la visite de mus\u00e9es, l&rsquo;exploration de la faune, de la flore et des parcs. Au-del\u00e0 de l&rsquo;aspect ludique, le d\u00e9veloppement de comp\u00e9tences sociales, cognitives et \u00e9motionnelles est favoris\u00e9 [&hellip;]","og_url":"https:\/\/associationfanarenana.org\/index.php\/journee-de-sortie-et-de-decouverte\/","og_site_name":"Association Fanarenana","article_modified_time":"2024-06-20T18:21:11+00:00","og_image":[{"url":"https:\/\/associationfanarenana.org\/wp-content\/uploads\/elementor\/thumbs\/P1270496-ql14xuw1a7jdqejggdjk3gxelz1zroz4lhop2hw2gg.jpg"}],"twitter_card":"summary_large_image","twitter_misc":{"Dur\u00e9e de lecture estim\u00e9e":"2 minutes"},"schema":{"@context":"https:\/\/schema.org","@graph":[{"@type":"WebPage","@id":"https:\/\/associationfanarenana.org\/index.php\/journee-de-sortie-et-de-decouverte\/","url":"https:\/\/associationfanarenana.org\/index.php\/journee-de-sortie-et-de-decouverte\/","name":"Journ\u00e9e de sortie et de d\u00e9couverte - Association Fanarenana","isPartOf":{"@id":"https:\/\/associationfanarenana.org\/#website"},"primaryImageOfPage":{"@id":"https:\/\/associationfanarenana.org\/index.php\/journee-de-sortie-et-de-decouverte\/#primaryimage"},"image":{"@id":"https:\/\/associationfanarenana.org\/index.php\/journee-de-sortie-et-de-decouverte\/#primaryimage"},"thumbnailUrl":"https:\/\/associationfanarenana.org\/wp-content\/uploads\/elementor\/thumbs\/P1270496-ql14xuw1a7jdqejggdjk3gxelz1zroz4lhop2hw2gg.jpg","datePublished":"2024-03-06T10:55:17+00:00","dateModified":"2024-06-20T18:21:11+00:00","breadcrumb":{"@id":"https:\/\/associationfanarenana.org\/index.php\/journee-de-sortie-et-de-decouverte\/#breadcrumb"},"inLanguage":"fr-FR","potentialAction":[{"@type":"ReadAction","target":["https:\/\/associationfanarenana.org\/index.php\/journee-de-sortie-et-de-decouverte\/"]}]},{"@type":"ImageObject","inLanguage":"fr-FR","@id":"https:\/\/associationfanarenana.org\/index.php\/journee-de-sortie-et-de-decouverte\/#primaryimage","url":"https:\/\/associationfanarenana.org\/wp-content\/uploads\/elementor\/thumbs\/P1270496-ql14xuw1a7jdqejggdjk3gxelz1zroz4lhop2hw2gg.jpg","contentUrl":"https:\/\/associationfanarenana.org\/wp-content\/uploads\/elementor\/thumbs\/P1270496-ql14xuw1a7jdqejggdjk3gxelz1zroz4lhop2hw2gg.jpg"},{"@type":"BreadcrumbList","@id":"https:\/\/associationfanarenana.org\/index.php\/journee-de-sortie-et-de-decouverte\/#breadcrumb","itemListElement":[{"@type":"ListItem","position":1,"name":"Accueil","item":"https:\/\/associationfanarenana.org\/"},{"@type":"ListItem","position":2,"name":"Journ\u00e9e de sortie et de d\u00e9couverte"}]},{"@type":"WebSite","@id":"https:\/\/associationfanarenana.org\/#website","url":"https:\/\/associationfanarenana.org\/","name":"Association Fanarenana","description":"Promouvoir la r\u00e9adaptation des enfants et jeunes en situation de handicap \u00e0 Madagasacar","publisher":{"@id":"https:\/\/associationfanarenana.org\/#organization"},"potentialAction":[{"@type":"SearchAction","target":{"@type":"EntryPoint","urlTemplate":"https:\/\/associationfanarenana.org\/?s={search_term_string}"},"query-input":"required name=search_term_string"}],"inLanguage":"fr-FR"},{"@type":"Organization","@id":"https:\/\/associationfanarenana.org\/#organization","name":"Association Fanarenana","url":"https:\/\/associationfanarenana.org\/","logo":{"@type":"ImageObject","inLanguage":"fr-FR","@id":"https:\/\/associationfanarenana.org\/#\/schema\/logo\/image\/","url":"https:\/\/associationfanarenana.org\/wp-content\/uploads\/2023\/12\/Logo_Fanarenana1.png","contentUrl":"https:\/\/associationfanarenana.org\/wp-content\/uploads\/2023\/12\/Logo_Fanarenana1.png","width":488,"height":405,"caption":"Association Fanarenana"},"image":{"@id":"https:\/\/associationfanarenana.org\/#\/schema\/logo\/image\/"},"sameAs":["https:\/\/www.instagram.com\/association_fanarenana\/"]}]}},"_links":{"self":[{"href":"https:\/\/associationfanarenana.org\/index.php\/wp-json\/wp\/v2\/pages\/3314","targetHints":{"allow":["GET"]}}],"collection":[{"href":"https:\/\/associationfanarenana.org\/index.php\/wp-json\/wp\/v2\/pages"}],"about":[{"href":"https:\/\/associationfanarenana.org\/index.php\/wp-json\/wp\/v2\/types\/page"}],"author":[{"embeddable":true,"href":"https:\/\/associationfanarenana.org\/index.php\/wp-json\/wp\/v2\/users\/1"}],"replies":[{"embeddable":true,"href":"https:\/\/associationfanarenana.org\/index.php\/wp-json\/wp\/v2\/comments?post=3314"}],"version-history":[{"count":19,"href":"https:\/\/associationfanarenana.org\/index.php\/wp-json\/wp\/v2\/pages\/3314\/revisions"}],"predecessor-version":[{"id":5765,"href":"https:\/\/associationfanarenana.org\/index.php\/wp-json\/wp\/v2\/pages\/3314\/revisions\/5765"}],"wp:attachment":[{"href":"https:\/\/associationfanarenana.org\/index.php\/wp-json\/wp\/v2\/media?parent=3314"}],"curies":[{"name":"wp","href":"https:\/\/api.w.org\/{rel}","templated":true}]}}