{"id":3319,"date":"2024-03-06T11:56:04","date_gmt":"2024-03-06T10:56:04","guid":{"rendered":"https:\/\/associationfanarenana.org\/?page_id=3319"},"modified":"2024-06-23T16:07:02","modified_gmt":"2024-06-23T14:07:02","slug":"accompagnement-des-ecoles","status":"publish","type":"page","link":"https:\/\/associationfanarenana.org\/index.php\/accompagnement-des-ecoles\/","title":{"rendered":"Accompagnement des \u00e9coles"},"content":{"rendered":"\t\t<div data-elementor-type=\"wp-page\" data-elementor-id=\"3319\" class=\"elementor elementor-3319\">\n\t\t\t\t\t\t<section class=\"elementor-section elementor-top-section elementor-element elementor-element-78ba5295 elementor-section-boxed elementor-section-height-default elementor-section-height-default wpr-particle-no wpr-jarallax-no wpr-parallax-no wpr-sticky-section-no\" data-id=\"78ba5295\" data-element_type=\"section\" data-e-type=\"section\" data-settings=\"{&quot;background_background&quot;:&quot;classic&quot;}\">\n\t\t\t\t\t\t\t<div class=\"elementor-background-overlay\"><\/div>\n\t\t\t\t\t\t\t<div class=\"elementor-container elementor-column-gap-extended\">\n\t\t\t\t\t<div class=\"elementor-column elementor-col-100 elementor-top-column elementor-element elementor-element-25ee0bc3\" data-id=\"25ee0bc3\" data-element_type=\"column\" data-e-type=\"column\">\n\t\t\t<div class=\"elementor-widget-wrap elementor-element-populated\">\n\t\t\t\t\t\t<div class=\"elementor-element elementor-element-57d53ba elementor-invisible elementor-widget elementor-widget-heading\" data-id=\"57d53ba\" data-element_type=\"widget\" data-e-type=\"widget\" data-settings=\"{&quot;_animation&quot;:&quot;fadeInDown&quot;}\" data-widget_type=\"heading.default\">\n\t\t\t\t<div class=\"elementor-widget-container\">\n\t\t\t\t\t<h1 class=\"elementor-heading-title elementor-size-default\">Accompagnement des \u00e9coles <\/h1>\t\t\t\t<\/div>\n\t\t\t\t<\/div>\n\t\t\t\t<div class=\"elementor-element elementor-element-e12c47f elementor-widget-divider--view-line elementor-widget elementor-widget-divider\" data-id=\"e12c47f\" data-element_type=\"widget\" data-e-type=\"widget\" data-widget_type=\"divider.default\">\n\t\t\t\t<div class=\"elementor-widget-container\">\n\t\t\t\t\t\t\t<div class=\"elementor-divider\">\n\t\t\t<span class=\"elementor-divider-separator\">\n\t\t\t\t\t\t<\/span>\n\t\t<\/div>\n\t\t\t\t\t\t<\/div>\n\t\t\t\t<\/div>\n\t\t\t\t\t<\/div>\n\t\t<\/div>\n\t\t\t\t\t<\/div>\n\t\t<\/section>\n\t\t\t\t<section class=\"elementor-section elementor-top-section elementor-element elementor-element-15d05b14 elementor-section-content-middle elementor-section-boxed elementor-section-height-default elementor-section-height-default wpr-particle-no wpr-jarallax-no wpr-parallax-no wpr-sticky-section-no\" data-id=\"15d05b14\" data-element_type=\"section\" data-e-type=\"section\" data-settings=\"{&quot;background_background&quot;:&quot;classic&quot;}\">\n\t\t\t\t\t\t\t<div class=\"elementor-background-overlay\"><\/div>\n\t\t\t\t\t\t\t<div class=\"elementor-container elementor-column-gap-wider\">\n\t\t\t\t\t<div class=\"elementor-column elementor-col-50 elementor-top-column elementor-element elementor-element-5977a93e\" data-id=\"5977a93e\" data-element_type=\"column\" data-e-type=\"column\">\n\t\t\t<div class=\"elementor-widget-wrap elementor-element-populated\">\n\t\t\t\t\t\t<div class=\"elementor-element elementor-element-183b6db elementor-invisible elementor-widget elementor-widget-heading\" data-id=\"183b6db\" data-element_type=\"widget\" data-e-type=\"widget\" data-settings=\"{&quot;_animation&quot;:&quot;fadeInUp&quot;,&quot;_animation_delay&quot;:400}\" data-widget_type=\"heading.default\">\n\t\t\t\t<div class=\"elementor-widget-container\">\n\t\t\t\t\t<h2 class=\"elementor-heading-title elementor-size-default\">L'ACTIVIT\u00c9<\/h2>\t\t\t\t<\/div>\n\t\t\t\t<\/div>\n\t\t\t\t<div class=\"elementor-element elementor-element-39e99119 elementor-widget-divider--view-line elementor-widget elementor-widget-divider\" data-id=\"39e99119\" data-element_type=\"widget\" data-e-type=\"widget\" data-widget_type=\"divider.default\">\n\t\t\t\t<div class=\"elementor-widget-container\">\n\t\t\t\t\t\t\t<div class=\"elementor-divider\">\n\t\t\t<span class=\"elementor-divider-separator\">\n\t\t\t\t\t\t<\/span>\n\t\t<\/div>\n\t\t\t\t\t\t<\/div>\n\t\t\t\t<\/div>\n\t\t\t\t<div class=\"elementor-element elementor-element-599ab50 elementor-widget elementor-widget-text-editor\" data-id=\"599ab50\" data-element_type=\"widget\" data-e-type=\"widget\" data-widget_type=\"text-editor.default\">\n\t\t\t\t<div class=\"elementor-widget-container\">\n\t\t\t\t\t\t\t\t\t<p><span class=\"x4k7w5x x1h91t0o x1h9r5lt x1jfb8zj xv2umb2 x1beo9mf xaigb6o x12ejxvf x3igimt xarpa2k xedcshv x1lytzrv x1t2pt76 x7ja8zs x1qrby5j\"><span class=\"x1lliihq x1plvlek xryxfnj x1n2onr6 x193iq5w xeuugli x13faqbe x1vvkbs x1s928wv xhkezso x1gmr53x x1cpjm7i x1fgarty x1943h6x x1xmvt09 x6prxxf x1fcty0u xzsf02u xudqn12 x3x7a5m xq9mrsl\" dir=\"auto\">Lorsqu&rsquo;une \u00e9cole exprime sa volont\u00e9 de devenir \u00ab\u00a0\u00e9cole inclusive\u00a0\u00bb, l&rsquo;\u00e9quipe de formateurs et d&rsquo;accompagnateurs de l&rsquo;espace encadre le processus de changement. Pour cela, le personnel de l&rsquo;\u00e9cole est guid\u00e9 pour que la structure soit pr\u00eate \u00e0 accueillir les enfants, y compris ceux ayant des difficult\u00e9s ou des d\u00e9ficiences . <\/span><\/span><\/p><p><span class=\"x4k7w5x x1h91t0o x1h9r5lt x1jfb8zj xv2umb2 x1beo9mf xaigb6o x12ejxvf x3igimt xarpa2k xedcshv x1lytzrv x1t2pt76 x7ja8zs x1qrby5j\"><span class=\"x1lliihq x1plvlek xryxfnj x1n2onr6 x193iq5w xeuugli x13faqbe x1vvkbs x1s928wv xhkezso x1gmr53x x1cpjm7i x1fgarty x1943h6x x1xmvt09 x6prxxf x1fcty0u xzsf02u xudqn12 x3x7a5m xq9mrsl\" dir=\"auto\">De plus, nous formons les enseignants \u00e0 soutenir efficacement et \u00e0 mettre en place les adaptations n\u00e9cessaires, pour r\u00e9pondre aux besoins sp\u00e9cifiques de chaque enfant.<br \/><\/span><\/span><\/p>\t\t\t\t\t\t\t\t<\/div>\n\t\t\t\t<\/div>\n\t\t\t\t<div class=\"elementor-element elementor-element-6dbf8d5 elementor-widget__width-initial elementor-icon-list--layout-traditional elementor-list-item-link-full_width elementor-widget elementor-widget-icon-list\" data-id=\"6dbf8d5\" data-element_type=\"widget\" data-e-type=\"widget\" data-widget_type=\"icon-list.default\">\n\t\t\t\t<div class=\"elementor-widget-container\">\n\t\t\t\t\t\t\t<ul class=\"elementor-icon-list-items\">\n\t\t\t\t\t\t\t<li class=\"elementor-icon-list-item\">\n\t\t\t\t\t\t\t\t\t\t\t<span class=\"elementor-icon-list-icon\">\n\t\t\t\t\t\t\t<i aria-hidden=\"true\" class=\"far fa-check-circle\"><\/i>\t\t\t\t\t\t<\/span>\n\t\t\t\t\t\t\t\t\t\t<span class=\"elementor-icon-list-text\">Partager nos comp\u00e9tences <\/span>\n\t\t\t\t\t\t\t\t\t<\/li>\n\t\t\t\t\t\t\t\t<li class=\"elementor-icon-list-item\">\n\t\t\t\t\t\t\t\t\t\t\t<span class=\"elementor-icon-list-icon\">\n\t\t\t\t\t\t\t<i aria-hidden=\"true\" class=\"far fa-check-circle\"><\/i>\t\t\t\t\t\t<\/span>\n\t\t\t\t\t\t\t\t\t\t<span class=\"elementor-icon-list-text\">Former les enseignants et enseignantes \u00e0 la prise en charge des enfants et jeunes <\/span>\n\t\t\t\t\t\t\t\t\t<\/li>\n\t\t\t\t\t\t\t\t<li class=\"elementor-icon-list-item\">\n\t\t\t\t\t\t\t\t\t\t\t<span class=\"elementor-icon-list-icon\">\n\t\t\t\t\t\t\t<i aria-hidden=\"true\" class=\"far fa-check-circle\"><\/i>\t\t\t\t\t\t<\/span>\n\t\t\t\t\t\t\t\t\t\t<span class=\"elementor-icon-list-text\">Permettre aux enfants et jeunes d'avoir acc\u00e8s \u00e0 l'\u00e9ducation <\/span>\n\t\t\t\t\t\t\t\t\t<\/li>\n\t\t\t\t\t\t\t\t<li class=\"elementor-icon-list-item\">\n\t\t\t\t\t\t\t\t\t\t\t<span class=\"elementor-icon-list-icon\">\n\t\t\t\t\t\t\t<i aria-hidden=\"true\" class=\"far fa-check-circle\"><\/i>\t\t\t\t\t\t<\/span>\n\t\t\t\t\t\t\t\t\t\t<span class=\"elementor-icon-list-text\">Favoriser l'inclusion dans les \u00e9coles dites ordinaires<\/span>\n\t\t\t\t\t\t\t\t\t<\/li>\n\t\t\t\t\t\t<\/ul>\n\t\t\t\t\t\t<\/div>\n\t\t\t\t<\/div>\n\t\t\t\t\t<\/div>\n\t\t<\/div>\n\t\t\t\t<div class=\"elementor-column elementor-col-50 elementor-top-column elementor-element elementor-element-6475082\" data-id=\"6475082\" data-element_type=\"column\" data-e-type=\"column\">\n\t\t\t<div class=\"elementor-widget-wrap elementor-element-populated\">\n\t\t\t\t\t\t<section class=\"elementor-section elementor-inner-section elementor-element elementor-element-689617fe elementor-section-boxed elementor-section-height-default elementor-section-height-default wpr-particle-no wpr-jarallax-no wpr-parallax-no wpr-sticky-section-no\" data-id=\"689617fe\" data-element_type=\"section\" data-e-type=\"section\">\n\t\t\t\t\t\t<div class=\"elementor-container elementor-column-gap-no\">\n\t\t\t\t\t<div class=\"elementor-column elementor-col-50 elementor-inner-column elementor-element elementor-element-7a839cb7\" data-id=\"7a839cb7\" data-element_type=\"column\" data-e-type=\"column\">\n\t\t\t<div class=\"elementor-widget-wrap elementor-element-populated\">\n\t\t\t\t\t\t<div class=\"elementor-element elementor-element-2d3318fc elementor-widget elementor-widget-image\" data-id=\"2d3318fc\" data-element_type=\"widget\" data-e-type=\"widget\" data-widget_type=\"image.default\">\n\t\t\t\t<div class=\"elementor-widget-container\">\n\t\t\t\t\t\t\t\t\t\t\t\t\t\t\t\t<a href=\"https:\/\/associationfanarenana.org\/wp-content\/uploads\/2024\/03\/MG_2474-scaled.jpg\" data-elementor-open-lightbox=\"yes\" data-elementor-lightbox-title=\"accompagnement des \u00e9coles\" data-e-action-hash=\"#elementor-action%3Aaction%3Dlightbox%26settings%3DeyJpZCI6NDgxMSwidXJsIjoiaHR0cHM6XC9cL2Fzc29jaWF0aW9uZmFuYXJlbmFuYS5vcmdcL3dwLWNvbnRlbnRcL3VwbG9hZHNcLzIwMjRcLzAzXC9NR18yNDc0LXNjYWxlZC5qcGcifQ%3D%3D\">\n\t\t\t\t\t\t\t<img decoding=\"async\" src=\"https:\/\/associationfanarenana.org\/wp-content\/uploads\/elementor\/thumbs\/MG_2474-scaled-ql15jjzx1j8nqd0ur96j5htg9640g642kvt6vfpwts.jpg\" title=\"accompagnement des \u00e9coles\" alt=\"accompagnement des \u00e9coles\" loading=\"lazy\" \/>\t\t\t\t\t\t\t\t<\/a>\n\t\t\t\t\t\t\t\t\t\t\t\t\t\t\t<\/div>\n\t\t\t\t<\/div>\n\t\t\t\t<div class=\"elementor-element elementor-element-156323ef elementor-widget elementor-widget-image\" data-id=\"156323ef\" data-element_type=\"widget\" data-e-type=\"widget\" data-widget_type=\"image.default\">\n\t\t\t\t<div class=\"elementor-widget-container\">\n\t\t\t\t\t\t\t\t\t\t\t\t\t\t\t\t<a href=\"https:\/\/associationfanarenana.org\/wp-content\/uploads\/2024\/03\/2021_11_02_15_31_IMG_7910-scaled.jpg\" data-elementor-open-lightbox=\"yes\" data-elementor-lightbox-title=\"accompagnement des \u00e9coles\" data-e-action-hash=\"#elementor-action%3Aaction%3Dlightbox%26settings%3DeyJpZCI6NDgxMywidXJsIjoiaHR0cHM6XC9cL2Fzc29jaWF0aW9uZmFuYXJlbmFuYS5vcmdcL3dwLWNvbnRlbnRcL3VwbG9hZHNcLzIwMjRcLzAzXC8yMDIxXzExXzAyXzE1XzMxX0lNR183OTEwLXNjYWxlZC5qcGcifQ%3D%3D\">\n\t\t\t\t\t\t\t<img decoding=\"async\" src=\"https:\/\/associationfanarenana.org\/wp-content\/uploads\/elementor\/thumbs\/2021_11_02_15_31_IMG_7910-scaled-ql15l85l6xj0delgzz6nl2my9tvi4sqw55k9l58prk.jpg\" title=\"accompagnement des \u00e9coles\" alt=\"accompagnement des \u00e9coles\" loading=\"lazy\" \/>\t\t\t\t\t\t\t\t<\/a>\n\t\t\t\t\t\t\t\t\t\t\t\t\t\t\t<\/div>\n\t\t\t\t<\/div>\n\t\t\t\t\t<\/div>\n\t\t<\/div>\n\t\t\t\t<div class=\"elementor-column elementor-col-50 elementor-inner-column elementor-element elementor-element-2890b2d4\" data-id=\"2890b2d4\" data-element_type=\"column\" data-e-type=\"column\">\n\t\t\t<div class=\"elementor-widget-wrap elementor-element-populated\">\n\t\t\t\t\t\t<div class=\"elementor-element elementor-element-6e36a5e elementor-widget elementor-widget-spacer\" data-id=\"6e36a5e\" data-element_type=\"widget\" data-e-type=\"widget\" data-widget_type=\"spacer.default\">\n\t\t\t\t<div class=\"elementor-widget-container\">\n\t\t\t\t\t\t\t<div class=\"elementor-spacer\">\n\t\t\t<div class=\"elementor-spacer-inner\"><\/div>\n\t\t<\/div>\n\t\t\t\t\t\t<\/div>\n\t\t\t\t<\/div>\n\t\t\t\t<div class=\"elementor-element elementor-element-43912bd0 elementor-widget elementor-widget-image\" data-id=\"43912bd0\" data-element_type=\"widget\" data-e-type=\"widget\" data-widget_type=\"image.default\">\n\t\t\t\t<div class=\"elementor-widget-container\">\n\t\t\t\t\t\t\t\t\t\t\t\t\t\t\t\t<a href=\"https:\/\/associationfanarenana.org\/wp-content\/uploads\/2024\/03\/2020_10_01_10_05_IMG_1915-scaled.jpg\" data-elementor-open-lightbox=\"yes\" data-elementor-lightbox-title=\"accompagnement des \u00e9coles\" data-e-action-hash=\"#elementor-action%3Aaction%3Dlightbox%26settings%3DeyJpZCI6NDgxMiwidXJsIjoiaHR0cHM6XC9cL2Fzc29jaWF0aW9uZmFuYXJlbmFuYS5vcmdcL3dwLWNvbnRlbnRcL3VwbG9hZHNcLzIwMjRcLzAzXC8yMDIwXzEwXzAxXzEwXzA1X0lNR18xOTE1LXNjYWxlZC5qcGcifQ%3D%3D\">\n\t\t\t\t\t\t\t<img decoding=\"async\" src=\"https:\/\/associationfanarenana.org\/wp-content\/uploads\/elementor\/thumbs\/2020_10_01_10_05_IMG_1915-scaled-ql15jrimk7iyb8pxjcfjpfx5092y5qxx9x12pnerg0.jpg\" title=\"accompagnement des \u00e9coles\" alt=\"accompagnement des \u00e9coles\" loading=\"lazy\" \/>\t\t\t\t\t\t\t\t<\/a>\n\t\t\t\t\t\t\t\t\t\t\t\t\t\t\t<\/div>\n\t\t\t\t<\/div>\n\t\t\t\t\t<\/div>\n\t\t<\/div>\n\t\t\t\t\t<\/div>\n\t\t<\/section>\n\t\t\t\t\t<\/div>\n\t\t<\/div>\n\t\t\t\t\t<\/div>\n\t\t<\/section>\n\t\t\t\t<\/div>\n\t\t","protected":false},"excerpt":{"rendered":"<p>Accompagnement des \u00e9coles L&rsquo;ACTIVIT\u00c9 Lorsqu&rsquo;une \u00e9cole exprime sa volont\u00e9 de devenir \u00ab\u00a0\u00e9cole inclusive\u00a0\u00bb, l&rsquo;\u00e9quipe de formateurs et d&rsquo;accompagnateurs de l&rsquo;espace encadre le processus de changement. Pour cela, le personnel de l&rsquo;\u00e9cole est guid\u00e9 pour que la structure soit pr\u00eate \u00e0 accueillir les enfants, y compris ceux ayant des difficult\u00e9s ou des d\u00e9ficiences . De plus, [&hellip;]<\/p>\n","protected":false},"author":1,"featured_media":0,"parent":0,"menu_order":0,"comment_status":"closed","ping_status":"closed","template":"","meta":{"footnotes":""},"class_list":["post-3319","page","type-page","status-publish","hentry"],"blocksy_meta":[],"yoast_head":"<!-- This site is optimized with the Yoast SEO plugin v22.2 - https:\/\/yoast.com\/wordpress\/plugins\/seo\/ -->\n<title>Accompagnement des \u00e9coles - Association Fanarenana<\/title>\n<meta name=\"robots\" content=\"index, follow, max-snippet:-1, max-image-preview:large, max-video-preview:-1\" \/>\n<link rel=\"canonical\" href=\"https:\/\/associationfanarenana.org\/index.php\/accompagnement-des-ecoles\/\" \/>\n<meta property=\"og:locale\" content=\"fr_FR\" \/>\n<meta property=\"og:type\" content=\"article\" \/>\n<meta property=\"og:title\" content=\"Accompagnement des \u00e9coles - Association Fanarenana\" \/>\n<meta property=\"og:description\" content=\"Accompagnement des \u00e9coles L&rsquo;ACTIVIT\u00c9 Lorsqu&rsquo;une \u00e9cole exprime sa volont\u00e9 de devenir \u00ab\u00a0\u00e9cole inclusive\u00a0\u00bb, l&rsquo;\u00e9quipe de formateurs et d&rsquo;accompagnateurs de l&rsquo;espace encadre le processus de changement. Pour cela, le personnel de l&rsquo;\u00e9cole est guid\u00e9 pour que la structure soit pr\u00eate \u00e0 accueillir les enfants, y compris ceux ayant des difficult\u00e9s ou des d\u00e9ficiences . De plus, [&hellip;]\" \/>\n<meta property=\"og:url\" content=\"https:\/\/associationfanarenana.org\/index.php\/accompagnement-des-ecoles\/\" \/>\n<meta property=\"og:site_name\" content=\"Association Fanarenana\" \/>\n<meta property=\"article:modified_time\" content=\"2024-06-23T14:07:02+00:00\" \/>\n<meta property=\"og:image\" content=\"https:\/\/associationfanarenana.org\/wp-content\/uploads\/elementor\/thumbs\/MG_2474-scaled-ql15jjzx1j8nqd0ur96j5htg9640g642kvt6vfpwts.jpg\" \/>\n<meta name=\"twitter:card\" content=\"summary_large_image\" \/>\n<meta name=\"twitter:label1\" content=\"Dur\u00e9e de lecture estim\u00e9e\" \/>\n\t<meta name=\"twitter:data1\" content=\"2 minutes\" \/>\n<script type=\"application\/ld+json\" class=\"yoast-schema-graph\">{\"@context\":\"https:\/\/schema.org\",\"@graph\":[{\"@type\":\"WebPage\",\"@id\":\"https:\/\/associationfanarenana.org\/index.php\/accompagnement-des-ecoles\/\",\"url\":\"https:\/\/associationfanarenana.org\/index.php\/accompagnement-des-ecoles\/\",\"name\":\"Accompagnement des \u00e9coles - Association Fanarenana\",\"isPartOf\":{\"@id\":\"https:\/\/associationfanarenana.org\/#website\"},\"primaryImageOfPage\":{\"@id\":\"https:\/\/associationfanarenana.org\/index.php\/accompagnement-des-ecoles\/#primaryimage\"},\"image\":{\"@id\":\"https:\/\/associationfanarenana.org\/index.php\/accompagnement-des-ecoles\/#primaryimage\"},\"thumbnailUrl\":\"https:\/\/associationfanarenana.org\/wp-content\/uploads\/elementor\/thumbs\/MG_2474-scaled-ql15jjzx1j8nqd0ur96j5htg9640g642kvt6vfpwts.jpg\",\"datePublished\":\"2024-03-06T10:56:04+00:00\",\"dateModified\":\"2024-06-23T14:07:02+00:00\",\"breadcrumb\":{\"@id\":\"https:\/\/associationfanarenana.org\/index.php\/accompagnement-des-ecoles\/#breadcrumb\"},\"inLanguage\":\"fr-FR\",\"potentialAction\":[{\"@type\":\"ReadAction\",\"target\":[\"https:\/\/associationfanarenana.org\/index.php\/accompagnement-des-ecoles\/\"]}]},{\"@type\":\"ImageObject\",\"inLanguage\":\"fr-FR\",\"@id\":\"https:\/\/associationfanarenana.org\/index.php\/accompagnement-des-ecoles\/#primaryimage\",\"url\":\"https:\/\/associationfanarenana.org\/wp-content\/uploads\/elementor\/thumbs\/MG_2474-scaled-ql15jjzx1j8nqd0ur96j5htg9640g642kvt6vfpwts.jpg\",\"contentUrl\":\"https:\/\/associationfanarenana.org\/wp-content\/uploads\/elementor\/thumbs\/MG_2474-scaled-ql15jjzx1j8nqd0ur96j5htg9640g642kvt6vfpwts.jpg\"},{\"@type\":\"BreadcrumbList\",\"@id\":\"https:\/\/associationfanarenana.org\/index.php\/accompagnement-des-ecoles\/#breadcrumb\",\"itemListElement\":[{\"@type\":\"ListItem\",\"position\":1,\"name\":\"Accueil\",\"item\":\"https:\/\/associationfanarenana.org\/\"},{\"@type\":\"ListItem\",\"position\":2,\"name\":\"Accompagnement des \u00e9coles\"}]},{\"@type\":\"WebSite\",\"@id\":\"https:\/\/associationfanarenana.org\/#website\",\"url\":\"https:\/\/associationfanarenana.org\/\",\"name\":\"Association Fanarenana\",\"description\":\"Promouvoir la r\u00e9adaptation des enfants et jeunes en situation de handicap \u00e0 Madagasacar\",\"publisher\":{\"@id\":\"https:\/\/associationfanarenana.org\/#organization\"},\"potentialAction\":[{\"@type\":\"SearchAction\",\"target\":{\"@type\":\"EntryPoint\",\"urlTemplate\":\"https:\/\/associationfanarenana.org\/?s={search_term_string}\"},\"query-input\":\"required name=search_term_string\"}],\"inLanguage\":\"fr-FR\"},{\"@type\":\"Organization\",\"@id\":\"https:\/\/associationfanarenana.org\/#organization\",\"name\":\"Association Fanarenana\",\"url\":\"https:\/\/associationfanarenana.org\/\",\"logo\":{\"@type\":\"ImageObject\",\"inLanguage\":\"fr-FR\",\"@id\":\"https:\/\/associationfanarenana.org\/#\/schema\/logo\/image\/\",\"url\":\"https:\/\/associationfanarenana.org\/wp-content\/uploads\/2023\/12\/Logo_Fanarenana1.png\",\"contentUrl\":\"https:\/\/associationfanarenana.org\/wp-content\/uploads\/2023\/12\/Logo_Fanarenana1.png\",\"width\":488,\"height\":405,\"caption\":\"Association Fanarenana\"},\"image\":{\"@id\":\"https:\/\/associationfanarenana.org\/#\/schema\/logo\/image\/\"},\"sameAs\":[\"https:\/\/www.instagram.com\/association_fanarenana\/\"]}]}<\/script>\n<!-- \/ Yoast SEO plugin. -->","yoast_head_json":{"title":"Accompagnement des \u00e9coles - Association Fanarenana","robots":{"index":"index","follow":"follow","max-snippet":"max-snippet:-1","max-image-preview":"max-image-preview:large","max-video-preview":"max-video-preview:-1"},"canonical":"https:\/\/associationfanarenana.org\/index.php\/accompagnement-des-ecoles\/","og_locale":"fr_FR","og_type":"article","og_title":"Accompagnement des \u00e9coles - Association Fanarenana","og_description":"Accompagnement des \u00e9coles L&rsquo;ACTIVIT\u00c9 Lorsqu&rsquo;une \u00e9cole exprime sa volont\u00e9 de devenir \u00ab\u00a0\u00e9cole inclusive\u00a0\u00bb, l&rsquo;\u00e9quipe de formateurs et d&rsquo;accompagnateurs de l&rsquo;espace encadre le processus de changement. Pour cela, le personnel de l&rsquo;\u00e9cole est guid\u00e9 pour que la structure soit pr\u00eate \u00e0 accueillir les enfants, y compris ceux ayant des difficult\u00e9s ou des d\u00e9ficiences . De plus, [&hellip;]","og_url":"https:\/\/associationfanarenana.org\/index.php\/accompagnement-des-ecoles\/","og_site_name":"Association Fanarenana","article_modified_time":"2024-06-23T14:07:02+00:00","og_image":[{"url":"https:\/\/associationfanarenana.org\/wp-content\/uploads\/elementor\/thumbs\/MG_2474-scaled-ql15jjzx1j8nqd0ur96j5htg9640g642kvt6vfpwts.jpg"}],"twitter_card":"summary_large_image","twitter_misc":{"Dur\u00e9e de lecture estim\u00e9e":"2 minutes"},"schema":{"@context":"https:\/\/schema.org","@graph":[{"@type":"WebPage","@id":"https:\/\/associationfanarenana.org\/index.php\/accompagnement-des-ecoles\/","url":"https:\/\/associationfanarenana.org\/index.php\/accompagnement-des-ecoles\/","name":"Accompagnement des \u00e9coles - Association Fanarenana","isPartOf":{"@id":"https:\/\/associationfanarenana.org\/#website"},"primaryImageOfPage":{"@id":"https:\/\/associationfanarenana.org\/index.php\/accompagnement-des-ecoles\/#primaryimage"},"image":{"@id":"https:\/\/associationfanarenana.org\/index.php\/accompagnement-des-ecoles\/#primaryimage"},"thumbnailUrl":"https:\/\/associationfanarenana.org\/wp-content\/uploads\/elementor\/thumbs\/MG_2474-scaled-ql15jjzx1j8nqd0ur96j5htg9640g642kvt6vfpwts.jpg","datePublished":"2024-03-06T10:56:04+00:00","dateModified":"2024-06-23T14:07:02+00:00","breadcrumb":{"@id":"https:\/\/associationfanarenana.org\/index.php\/accompagnement-des-ecoles\/#breadcrumb"},"inLanguage":"fr-FR","potentialAction":[{"@type":"ReadAction","target":["https:\/\/associationfanarenana.org\/index.php\/accompagnement-des-ecoles\/"]}]},{"@type":"ImageObject","inLanguage":"fr-FR","@id":"https:\/\/associationfanarenana.org\/index.php\/accompagnement-des-ecoles\/#primaryimage","url":"https:\/\/associationfanarenana.org\/wp-content\/uploads\/elementor\/thumbs\/MG_2474-scaled-ql15jjzx1j8nqd0ur96j5htg9640g642kvt6vfpwts.jpg","contentUrl":"https:\/\/associationfanarenana.org\/wp-content\/uploads\/elementor\/thumbs\/MG_2474-scaled-ql15jjzx1j8nqd0ur96j5htg9640g642kvt6vfpwts.jpg"},{"@type":"BreadcrumbList","@id":"https:\/\/associationfanarenana.org\/index.php\/accompagnement-des-ecoles\/#breadcrumb","itemListElement":[{"@type":"ListItem","position":1,"name":"Accueil","item":"https:\/\/associationfanarenana.org\/"},{"@type":"ListItem","position":2,"name":"Accompagnement des \u00e9coles"}]},{"@type":"WebSite","@id":"https:\/\/associationfanarenana.org\/#website","url":"https:\/\/associationfanarenana.org\/","name":"Association Fanarenana","description":"Promouvoir la r\u00e9adaptation des enfants et jeunes en situation de handicap \u00e0 Madagasacar","publisher":{"@id":"https:\/\/associationfanarenana.org\/#organization"},"potentialAction":[{"@type":"SearchAction","target":{"@type":"EntryPoint","urlTemplate":"https:\/\/associationfanarenana.org\/?s={search_term_string}"},"query-input":"required name=search_term_string"}],"inLanguage":"fr-FR"},{"@type":"Organization","@id":"https:\/\/associationfanarenana.org\/#organization","name":"Association Fanarenana","url":"https:\/\/associationfanarenana.org\/","logo":{"@type":"ImageObject","inLanguage":"fr-FR","@id":"https:\/\/associationfanarenana.org\/#\/schema\/logo\/image\/","url":"https:\/\/associationfanarenana.org\/wp-content\/uploads\/2023\/12\/Logo_Fanarenana1.png","contentUrl":"https:\/\/associationfanarenana.org\/wp-content\/uploads\/2023\/12\/Logo_Fanarenana1.png","width":488,"height":405,"caption":"Association Fanarenana"},"image":{"@id":"https:\/\/associationfanarenana.org\/#\/schema\/logo\/image\/"},"sameAs":["https:\/\/www.instagram.com\/association_fanarenana\/"]}]}},"_links":{"self":[{"href":"https:\/\/associationfanarenana.org\/index.php\/wp-json\/wp\/v2\/pages\/3319","targetHints":{"allow":["GET"]}}],"collection":[{"href":"https:\/\/associationfanarenana.org\/index.php\/wp-json\/wp\/v2\/pages"}],"about":[{"href":"https:\/\/associationfanarenana.org\/index.php\/wp-json\/wp\/v2\/types\/page"}],"author":[{"embeddable":true,"href":"https:\/\/associationfanarenana.org\/index.php\/wp-json\/wp\/v2\/users\/1"}],"replies":[{"embeddable":true,"href":"https:\/\/associationfanarenana.org\/index.php\/wp-json\/wp\/v2\/comments?post=3319"}],"version-history":[{"count":19,"href":"https:\/\/associationfanarenana.org\/index.php\/wp-json\/wp\/v2\/pages\/3319\/revisions"}],"predecessor-version":[{"id":5768,"href":"https:\/\/associationfanarenana.org\/index.php\/wp-json\/wp\/v2\/pages\/3319\/revisions\/5768"}],"wp:attachment":[{"href":"https:\/\/associationfanarenana.org\/index.php\/wp-json\/wp\/v2\/media?parent=3319"}],"curies":[{"name":"wp","href":"https:\/\/api.w.org\/{rel}","templated":true}]}}