{"id":3321,"date":"2024-03-06T11:57:01","date_gmt":"2024-03-06T10:57:01","guid":{"rendered":"https:\/\/associationfanarenana.org\/?page_id=3321"},"modified":"2024-06-23T16:25:31","modified_gmt":"2024-06-23T14:25:31","slug":"parrainages-dinterventions-medicales","status":"publish","type":"page","link":"https:\/\/associationfanarenana.org\/index.php\/autres-activites\/parrainages-dinterventions-medicales\/","title":{"rendered":"Parrainages d&rsquo;interventions m\u00e9dicales"},"content":{"rendered":"\t\t<div data-elementor-type=\"wp-page\" data-elementor-id=\"3321\" class=\"elementor elementor-3321\">\n\t\t\t\t\t\t<section class=\"elementor-section elementor-top-section elementor-element elementor-element-3a6be1af elementor-section-boxed elementor-section-height-default elementor-section-height-default wpr-particle-no wpr-jarallax-no wpr-parallax-no wpr-sticky-section-no\" data-id=\"3a6be1af\" data-element_type=\"section\" data-e-type=\"section\" data-settings=\"{&quot;background_background&quot;:&quot;classic&quot;}\">\n\t\t\t\t\t\t\t<div class=\"elementor-background-overlay\"><\/div>\n\t\t\t\t\t\t\t<div class=\"elementor-container elementor-column-gap-extended\">\n\t\t\t\t\t<div class=\"elementor-column elementor-col-100 elementor-top-column elementor-element elementor-element-5e8d1b9d\" data-id=\"5e8d1b9d\" data-element_type=\"column\" data-e-type=\"column\">\n\t\t\t<div class=\"elementor-widget-wrap elementor-element-populated\">\n\t\t\t\t\t\t<div class=\"elementor-element elementor-element-6fcdec7b elementor-invisible elementor-widget elementor-widget-heading\" data-id=\"6fcdec7b\" data-element_type=\"widget\" data-e-type=\"widget\" data-settings=\"{&quot;_animation&quot;:&quot;fadeInDown&quot;}\" data-widget_type=\"heading.default\">\n\t\t\t\t<div class=\"elementor-widget-container\">\n\t\t\t\t\t<h1 class=\"elementor-heading-title elementor-size-default\"><a href=\"http:\/\/l\">Parrainage d'interventions m\u00e9dicales<\/a><\/h1>\t\t\t\t<\/div>\n\t\t\t\t<\/div>\n\t\t\t\t<div class=\"elementor-element elementor-element-0613e51 elementor-widget-divider--view-line elementor-widget elementor-widget-divider\" data-id=\"0613e51\" data-element_type=\"widget\" data-e-type=\"widget\" data-widget_type=\"divider.default\">\n\t\t\t\t<div class=\"elementor-widget-container\">\n\t\t\t\t\t\t\t<div class=\"elementor-divider\">\n\t\t\t<span class=\"elementor-divider-separator\">\n\t\t\t\t\t\t<\/span>\n\t\t<\/div>\n\t\t\t\t\t\t<\/div>\n\t\t\t\t<\/div>\n\t\t\t\t\t<\/div>\n\t\t<\/div>\n\t\t\t\t\t<\/div>\n\t\t<\/section>\n\t\t\t\t<section class=\"elementor-section elementor-top-section elementor-element elementor-element-7a6968a7 elementor-section-content-middle elementor-section-boxed elementor-section-height-default elementor-section-height-default wpr-particle-no wpr-jarallax-no wpr-parallax-no wpr-sticky-section-no\" data-id=\"7a6968a7\" data-element_type=\"section\" data-e-type=\"section\" data-settings=\"{&quot;background_background&quot;:&quot;classic&quot;}\">\n\t\t\t\t\t\t\t<div class=\"elementor-background-overlay\"><\/div>\n\t\t\t\t\t\t\t<div class=\"elementor-container elementor-column-gap-wider\">\n\t\t\t\t\t<div class=\"elementor-column elementor-col-50 elementor-top-column elementor-element elementor-element-3d3bd643\" data-id=\"3d3bd643\" data-element_type=\"column\" data-e-type=\"column\">\n\t\t\t<div class=\"elementor-widget-wrap elementor-element-populated\">\n\t\t\t\t\t\t<div class=\"elementor-element elementor-element-115e1c5 elementor-invisible elementor-widget elementor-widget-heading\" data-id=\"115e1c5\" data-element_type=\"widget\" data-e-type=\"widget\" data-settings=\"{&quot;_animation&quot;:&quot;fadeInUp&quot;,&quot;_animation_delay&quot;:400}\" data-widget_type=\"heading.default\">\n\t\t\t\t<div class=\"elementor-widget-container\">\n\t\t\t\t\t<h2 class=\"elementor-heading-title elementor-size-default\">L'ACTIVIT\u00c9<\/h2>\t\t\t\t<\/div>\n\t\t\t\t<\/div>\n\t\t\t\t<div class=\"elementor-element elementor-element-4e05ca49 elementor-widget-divider--view-line elementor-widget elementor-widget-divider\" data-id=\"4e05ca49\" data-element_type=\"widget\" data-e-type=\"widget\" data-widget_type=\"divider.default\">\n\t\t\t\t<div class=\"elementor-widget-container\">\n\t\t\t\t\t\t\t<div class=\"elementor-divider\">\n\t\t\t<span class=\"elementor-divider-separator\">\n\t\t\t\t\t\t<\/span>\n\t\t<\/div>\n\t\t\t\t\t\t<\/div>\n\t\t\t\t<\/div>\n\t\t\t\t<div class=\"elementor-element elementor-element-7352560e elementor-widget elementor-widget-text-editor\" data-id=\"7352560e\" data-element_type=\"widget\" data-e-type=\"widget\" data-widget_type=\"text-editor.default\">\n\t\t\t\t<div class=\"elementor-widget-container\">\n\t\t\t\t\t\t\t\t\t<p>Dans certains cas, l&rsquo;intervention chirurgicale est incontournable pour l&rsquo;enfant ou le jeune en situation de handicap. Ces proc\u00e9dures parviennent \u00e0 \u00eatre financ\u00e9es gr\u00e2ce \u00e0 la collaboration avec des parrains de l&rsquo;association.<\/p><p>Notre engagement ne se limite pas au soutien financier et nosu tenons \u00e0 ce que le b\u00e9n\u00e9ficiaire et sa famille soient\u00a0 accompagn\u00e9es autant que n\u00e9cessaire. Nous intervenons en tant qu&rsquo;assistance dans les d\u00e9marches administratives li\u00e9es \u00e0 l&rsquo;op\u00e9ration, ainsi que dans la gestion des examens pr\u00e9-op\u00e9ratoires et post-op\u00e9ratoires. Un soutien complet est fourni dans le but de faciliter le processus chirurgical, de rassurer le b\u00e9n\u00e9ficiaire et sa famille et d&rsquo;assurer un suivi attentif de leur bien-\u00eatre continu.<\/p>\t\t\t\t\t\t\t\t<\/div>\n\t\t\t\t<\/div>\n\t\t\t\t<div class=\"elementor-element elementor-element-0c0d1f6 elementor-widget__width-initial elementor-icon-list--layout-traditional elementor-list-item-link-full_width elementor-widget elementor-widget-icon-list\" data-id=\"0c0d1f6\" data-element_type=\"widget\" data-e-type=\"widget\" data-widget_type=\"icon-list.default\">\n\t\t\t\t<div class=\"elementor-widget-container\">\n\t\t\t\t\t\t\t<ul class=\"elementor-icon-list-items\">\n\t\t\t\t\t\t\t<li class=\"elementor-icon-list-item\">\n\t\t\t\t\t\t\t\t\t\t\t<span class=\"elementor-icon-list-icon\">\n\t\t\t\t\t\t\t<i aria-hidden=\"true\" class=\"far fa-check-circle\"><\/i>\t\t\t\t\t\t<\/span>\n\t\t\t\t\t\t\t\t\t\t<span class=\"elementor-icon-list-text\">Favoriser le bien-\u00eatre des b\u00e9n\u00e9ficiaires et de leur famille <\/span>\n\t\t\t\t\t\t\t\t\t<\/li>\n\t\t\t\t\t\t\t\t<li class=\"elementor-icon-list-item\">\n\t\t\t\t\t\t\t\t\t\t\t<span class=\"elementor-icon-list-icon\">\n\t\t\t\t\t\t\t<i aria-hidden=\"true\" class=\"far fa-check-circle\"><\/i>\t\t\t\t\t\t<\/span>\n\t\t\t\t\t\t\t\t\t\t<span class=\"elementor-icon-list-text\">Appuyer financi\u00e8rement les familles dans les interventions chirurgicales<\/span>\n\t\t\t\t\t\t\t\t\t<\/li>\n\t\t\t\t\t\t\t\t<li class=\"elementor-icon-list-item\">\n\t\t\t\t\t\t\t\t\t\t\t<span class=\"elementor-icon-list-icon\">\n\t\t\t\t\t\t\t<i aria-hidden=\"true\" class=\"far fa-check-circle\"><\/i>\t\t\t\t\t\t<\/span>\n\t\t\t\t\t\t\t\t\t\t<span class=\"elementor-icon-list-text\">Favoriser l'\u00e9galit\u00e9 d'acc\u00e8s aux soins <\/span>\n\t\t\t\t\t\t\t\t\t<\/li>\n\t\t\t\t\t\t\t\t<li class=\"elementor-icon-list-item\">\n\t\t\t\t\t\t\t\t\t\t\t<span class=\"elementor-icon-list-icon\">\n\t\t\t\t\t\t\t<i aria-hidden=\"true\" class=\"far fa-check-circle\"><\/i>\t\t\t\t\t\t<\/span>\n\t\t\t\t\t\t\t\t\t\t<span class=\"elementor-icon-list-text\">Soutenir administrativement les familles face aux proc\u00e9dures m\u00e9dicales <\/span>\n\t\t\t\t\t\t\t\t\t<\/li>\n\t\t\t\t\t\t<\/ul>\n\t\t\t\t\t\t<\/div>\n\t\t\t\t<\/div>\n\t\t\t\t\t<\/div>\n\t\t<\/div>\n\t\t\t\t<div class=\"elementor-column elementor-col-50 elementor-top-column elementor-element elementor-element-4ffc8c92\" data-id=\"4ffc8c92\" data-element_type=\"column\" data-e-type=\"column\">\n\t\t\t<div class=\"elementor-widget-wrap elementor-element-populated\">\n\t\t\t\t\t\t<section class=\"elementor-section elementor-inner-section elementor-element elementor-element-2abbbab1 elementor-section-boxed elementor-section-height-default elementor-section-height-default wpr-particle-no wpr-jarallax-no wpr-parallax-no wpr-sticky-section-no\" data-id=\"2abbbab1\" data-element_type=\"section\" data-e-type=\"section\">\n\t\t\t\t\t\t<div class=\"elementor-container elementor-column-gap-no\">\n\t\t\t\t\t<div class=\"elementor-column elementor-col-50 elementor-inner-column elementor-element elementor-element-61ad86f8\" data-id=\"61ad86f8\" data-element_type=\"column\" data-e-type=\"column\">\n\t\t\t<div class=\"elementor-widget-wrap elementor-element-populated\">\n\t\t\t\t\t\t<div class=\"elementor-element elementor-element-101871c0 elementor-widget elementor-widget-image\" data-id=\"101871c0\" data-element_type=\"widget\" data-e-type=\"widget\" data-widget_type=\"image.default\">\n\t\t\t\t<div class=\"elementor-widget-container\">\n\t\t\t\t\t\t\t\t\t\t\t\t\t\t\t\t<a href=\"https:\/\/associationfanarenana.org\/wp-content\/uploads\/2024\/03\/P1190157.jpg\" data-elementor-open-lightbox=\"yes\" data-elementor-lightbox-title=\"parrainage d&#039;interventions chirurgicales\" data-e-action-hash=\"#elementor-action%3Aaction%3Dlightbox%26settings%3DeyJpZCI6NDgyNCwidXJsIjoiaHR0cHM6XC9cL2Fzc29jaWF0aW9uZmFuYXJlbmFuYS5vcmdcL3dwLWNvbnRlbnRcL3VwbG9hZHNcLzIwMjRcLzAzXC9QMTE5MDE1Ny5qcGcifQ%3D%3D\">\n\t\t\t\t\t\t\t<img decoding=\"async\" src=\"https:\/\/associationfanarenana.org\/wp-content\/uploads\/elementor\/thumbs\/P1190157-ql15v4ef552olm807r69c2qnev3m6315u4tah0ki9c.jpg\" title=\"parrainage d&rsquo;interventions chirurgicales\" alt=\"parrainage d&#039;interventions chirurgicales\" loading=\"lazy\" \/>\t\t\t\t\t\t\t\t<\/a>\n\t\t\t\t\t\t\t\t\t\t\t\t\t\t\t<\/div>\n\t\t\t\t<\/div>\n\t\t\t\t<div class=\"elementor-element elementor-element-3286a022 elementor-widget elementor-widget-image\" data-id=\"3286a022\" data-element_type=\"widget\" data-e-type=\"widget\" data-widget_type=\"image.default\">\n\t\t\t\t<div class=\"elementor-widget-container\">\n\t\t\t\t\t\t\t\t\t\t\t\t\t\t\t\t<a href=\"https:\/\/associationfanarenana.org\/wp-content\/uploads\/2024\/03\/SAM_0950-scaled.jpg\" data-elementor-open-lightbox=\"yes\" data-elementor-lightbox-title=\"parrainage d&#039;interventions chirurgicales\" data-e-action-hash=\"#elementor-action%3Aaction%3Dlightbox%26settings%3DeyJpZCI6NDgyNiwidXJsIjoiaHR0cHM6XC9cL2Fzc29jaWF0aW9uZmFuYXJlbmFuYS5vcmdcL3dwLWNvbnRlbnRcL3VwbG9hZHNcLzIwMjRcLzAzXC9TQU1fMDk1MC1zY2FsZWQuanBnIn0%3D\">\n\t\t\t\t\t\t\t<img decoding=\"async\" src=\"https:\/\/associationfanarenana.org\/wp-content\/uploads\/elementor\/thumbs\/SAM_0950-scaled-ql15vbx4ntcz6hx2zuf9w0uc5y2jvnv0j616b89cvk.jpg\" title=\"parrainage d&rsquo;interventions chirurgicales\" alt=\"parrainage d&#039;interventions chirurgicales\" loading=\"lazy\" \/>\t\t\t\t\t\t\t\t<\/a>\n\t\t\t\t\t\t\t\t\t\t\t\t\t\t\t<\/div>\n\t\t\t\t<\/div>\n\t\t\t\t\t<\/div>\n\t\t<\/div>\n\t\t\t\t<div class=\"elementor-column elementor-col-50 elementor-inner-column elementor-element elementor-element-67362e5d\" data-id=\"67362e5d\" data-element_type=\"column\" data-e-type=\"column\">\n\t\t\t<div class=\"elementor-widget-wrap elementor-element-populated\">\n\t\t\t\t\t\t<div class=\"elementor-element elementor-element-e85a2e8 elementor-widget elementor-widget-spacer\" data-id=\"e85a2e8\" data-element_type=\"widget\" data-e-type=\"widget\" data-widget_type=\"spacer.default\">\n\t\t\t\t<div class=\"elementor-widget-container\">\n\t\t\t\t\t\t\t<div class=\"elementor-spacer\">\n\t\t\t<div class=\"elementor-spacer-inner\"><\/div>\n\t\t<\/div>\n\t\t\t\t\t\t<\/div>\n\t\t\t\t<\/div>\n\t\t\t\t<div class=\"elementor-element elementor-element-11df8251 elementor-widget elementor-widget-image\" data-id=\"11df8251\" data-element_type=\"widget\" data-e-type=\"widget\" data-widget_type=\"image.default\">\n\t\t\t\t<div class=\"elementor-widget-container\">\n\t\t\t\t\t\t\t\t\t\t\t\t\t\t\t\t<a href=\"https:\/\/associationfanarenana.org\/wp-content\/uploads\/2024\/03\/photo0152.jpg\" data-elementor-open-lightbox=\"yes\" data-elementor-lightbox-title=\"parrainage d&#039;interventions chirurgicales\" data-e-action-hash=\"#elementor-action%3Aaction%3Dlightbox%26settings%3DeyJpZCI6NDgyNSwidXJsIjoiaHR0cHM6XC9cL2Fzc29jaWF0aW9uZmFuYXJlbmFuYS5vcmdcL3dwLWNvbnRlbnRcL3VwbG9hZHNcLzIwMjRcLzAzXC9waG90bzAxNTIuanBnIn0%3D\">\n\t\t\t\t\t\t\t<img decoding=\"async\" src=\"https:\/\/associationfanarenana.org\/wp-content\/uploads\/elementor\/thumbs\/photo0152-ql15v85rwh7tw22jlssrm1shsel30vg36nf8e4exkg.jpg\" title=\"parrainage d&rsquo;interventions chirurgicales\" alt=\"parrainage d&#039;interventions chirurgicales\" loading=\"lazy\" \/>\t\t\t\t\t\t\t\t<\/a>\n\t\t\t\t\t\t\t\t\t\t\t\t\t\t\t<\/div>\n\t\t\t\t<\/div>\n\t\t\t\t\t<\/div>\n\t\t<\/div>\n\t\t\t\t\t<\/div>\n\t\t<\/section>\n\t\t\t\t\t<\/div>\n\t\t<\/div>\n\t\t\t\t\t<\/div>\n\t\t<\/section>\n\t\t\t\t<\/div>\n\t\t","protected":false},"excerpt":{"rendered":"<p>Parrainage d&rsquo;interventions m\u00e9dicales L&rsquo;ACTIVIT\u00c9 Dans certains cas, l&rsquo;intervention chirurgicale est incontournable pour l&rsquo;enfant ou le jeune en situation de handicap. Ces proc\u00e9dures parviennent \u00e0 \u00eatre financ\u00e9es gr\u00e2ce \u00e0 la collaboration avec des parrains de l&rsquo;association. Notre engagement ne se limite pas au soutien financier et nosu tenons \u00e0 ce que le b\u00e9n\u00e9ficiaire et sa famille [&hellip;]<\/p>\n","protected":false},"author":1,"featured_media":0,"parent":67,"menu_order":0,"comment_status":"closed","ping_status":"closed","template":"","meta":{"footnotes":""},"class_list":["post-3321","page","type-page","status-publish","hentry"],"blocksy_meta":[],"yoast_head":"<!-- This site is optimized with the Yoast SEO plugin v22.2 - https:\/\/yoast.com\/wordpress\/plugins\/seo\/ -->\n<title>Parrainages d&#039;interventions m\u00e9dicales - Association Fanarenana<\/title>\n<meta name=\"robots\" content=\"index, follow, max-snippet:-1, max-image-preview:large, max-video-preview:-1\" \/>\n<link rel=\"canonical\" href=\"https:\/\/associationfanarenana.org\/index.php\/autres-activites\/parrainages-dinterventions-medicales\/\" \/>\n<meta property=\"og:locale\" content=\"fr_FR\" \/>\n<meta property=\"og:type\" content=\"article\" \/>\n<meta property=\"og:title\" content=\"Parrainages d&#039;interventions m\u00e9dicales - Association Fanarenana\" \/>\n<meta property=\"og:description\" content=\"Parrainage d&rsquo;interventions m\u00e9dicales L&rsquo;ACTIVIT\u00c9 Dans certains cas, l&rsquo;intervention chirurgicale est incontournable pour l&rsquo;enfant ou le jeune en situation de handicap. Ces proc\u00e9dures parviennent \u00e0 \u00eatre financ\u00e9es gr\u00e2ce \u00e0 la collaboration avec des parrains de l&rsquo;association. Notre engagement ne se limite pas au soutien financier et nosu tenons \u00e0 ce que le b\u00e9n\u00e9ficiaire et sa famille [&hellip;]\" \/>\n<meta property=\"og:url\" content=\"https:\/\/associationfanarenana.org\/index.php\/autres-activites\/parrainages-dinterventions-medicales\/\" \/>\n<meta property=\"og:site_name\" content=\"Association Fanarenana\" \/>\n<meta property=\"article:modified_time\" content=\"2024-06-23T14:25:31+00:00\" \/>\n<meta property=\"og:image\" content=\"https:\/\/associationfanarenana.org\/wp-content\/uploads\/elementor\/thumbs\/P1190157-ql15v4ef552olm807r69c2qnev3m6315u4tah0ki9c.jpg\" \/>\n<meta name=\"twitter:card\" content=\"summary_large_image\" \/>\n<meta name=\"twitter:label1\" content=\"Dur\u00e9e de lecture estim\u00e9e\" \/>\n\t<meta name=\"twitter:data1\" content=\"2 minutes\" \/>\n<script type=\"application\/ld+json\" class=\"yoast-schema-graph\">{\"@context\":\"https:\/\/schema.org\",\"@graph\":[{\"@type\":\"WebPage\",\"@id\":\"https:\/\/associationfanarenana.org\/index.php\/autres-activites\/parrainages-dinterventions-medicales\/\",\"url\":\"https:\/\/associationfanarenana.org\/index.php\/autres-activites\/parrainages-dinterventions-medicales\/\",\"name\":\"Parrainages d'interventions m\u00e9dicales - Association Fanarenana\",\"isPartOf\":{\"@id\":\"https:\/\/associationfanarenana.org\/#website\"},\"primaryImageOfPage\":{\"@id\":\"https:\/\/associationfanarenana.org\/index.php\/autres-activites\/parrainages-dinterventions-medicales\/#primaryimage\"},\"image\":{\"@id\":\"https:\/\/associationfanarenana.org\/index.php\/autres-activites\/parrainages-dinterventions-medicales\/#primaryimage\"},\"thumbnailUrl\":\"https:\/\/associationfanarenana.org\/wp-content\/uploads\/elementor\/thumbs\/P1190157-ql15v4ef552olm807r69c2qnev3m6315u4tah0ki9c.jpg\",\"datePublished\":\"2024-03-06T10:57:01+00:00\",\"dateModified\":\"2024-06-23T14:25:31+00:00\",\"breadcrumb\":{\"@id\":\"https:\/\/associationfanarenana.org\/index.php\/autres-activites\/parrainages-dinterventions-medicales\/#breadcrumb\"},\"inLanguage\":\"fr-FR\",\"potentialAction\":[{\"@type\":\"ReadAction\",\"target\":[\"https:\/\/associationfanarenana.org\/index.php\/autres-activites\/parrainages-dinterventions-medicales\/\"]}]},{\"@type\":\"ImageObject\",\"inLanguage\":\"fr-FR\",\"@id\":\"https:\/\/associationfanarenana.org\/index.php\/autres-activites\/parrainages-dinterventions-medicales\/#primaryimage\",\"url\":\"https:\/\/associationfanarenana.org\/wp-content\/uploads\/elementor\/thumbs\/P1190157-ql15v4ef552olm807r69c2qnev3m6315u4tah0ki9c.jpg\",\"contentUrl\":\"https:\/\/associationfanarenana.org\/wp-content\/uploads\/elementor\/thumbs\/P1190157-ql15v4ef552olm807r69c2qnev3m6315u4tah0ki9c.jpg\"},{\"@type\":\"BreadcrumbList\",\"@id\":\"https:\/\/associationfanarenana.org\/index.php\/autres-activites\/parrainages-dinterventions-medicales\/#breadcrumb\",\"itemListElement\":[{\"@type\":\"ListItem\",\"position\":1,\"name\":\"Accueil\",\"item\":\"https:\/\/associationfanarenana.org\/\"},{\"@type\":\"ListItem\",\"position\":2,\"name\":\"Autres activit\u00e9s\",\"item\":\"https:\/\/associationfanarenana.org\/index.php\/autres-activites\/\"},{\"@type\":\"ListItem\",\"position\":3,\"name\":\"Parrainages d&#8217;interventions m\u00e9dicales\"}]},{\"@type\":\"WebSite\",\"@id\":\"https:\/\/associationfanarenana.org\/#website\",\"url\":\"https:\/\/associationfanarenana.org\/\",\"name\":\"Association Fanarenana\",\"description\":\"Promouvoir la r\u00e9adaptation des enfants et jeunes en situation de handicap \u00e0 Madagasacar\",\"publisher\":{\"@id\":\"https:\/\/associationfanarenana.org\/#organization\"},\"potentialAction\":[{\"@type\":\"SearchAction\",\"target\":{\"@type\":\"EntryPoint\",\"urlTemplate\":\"https:\/\/associationfanarenana.org\/?s={search_term_string}\"},\"query-input\":\"required name=search_term_string\"}],\"inLanguage\":\"fr-FR\"},{\"@type\":\"Organization\",\"@id\":\"https:\/\/associationfanarenana.org\/#organization\",\"name\":\"Association Fanarenana\",\"url\":\"https:\/\/associationfanarenana.org\/\",\"logo\":{\"@type\":\"ImageObject\",\"inLanguage\":\"fr-FR\",\"@id\":\"https:\/\/associationfanarenana.org\/#\/schema\/logo\/image\/\",\"url\":\"https:\/\/associationfanarenana.org\/wp-content\/uploads\/2023\/12\/Logo_Fanarenana1.png\",\"contentUrl\":\"https:\/\/associationfanarenana.org\/wp-content\/uploads\/2023\/12\/Logo_Fanarenana1.png\",\"width\":488,\"height\":405,\"caption\":\"Association Fanarenana\"},\"image\":{\"@id\":\"https:\/\/associationfanarenana.org\/#\/schema\/logo\/image\/\"},\"sameAs\":[\"https:\/\/www.instagram.com\/association_fanarenana\/\"]}]}<\/script>\n<!-- \/ Yoast SEO plugin. -->","yoast_head_json":{"title":"Parrainages d'interventions m\u00e9dicales - Association Fanarenana","robots":{"index":"index","follow":"follow","max-snippet":"max-snippet:-1","max-image-preview":"max-image-preview:large","max-video-preview":"max-video-preview:-1"},"canonical":"https:\/\/associationfanarenana.org\/index.php\/autres-activites\/parrainages-dinterventions-medicales\/","og_locale":"fr_FR","og_type":"article","og_title":"Parrainages d'interventions m\u00e9dicales - Association Fanarenana","og_description":"Parrainage d&rsquo;interventions m\u00e9dicales L&rsquo;ACTIVIT\u00c9 Dans certains cas, l&rsquo;intervention chirurgicale est incontournable pour l&rsquo;enfant ou le jeune en situation de handicap. Ces proc\u00e9dures parviennent \u00e0 \u00eatre financ\u00e9es gr\u00e2ce \u00e0 la collaboration avec des parrains de l&rsquo;association. Notre engagement ne se limite pas au soutien financier et nosu tenons \u00e0 ce que le b\u00e9n\u00e9ficiaire et sa famille [&hellip;]","og_url":"https:\/\/associationfanarenana.org\/index.php\/autres-activites\/parrainages-dinterventions-medicales\/","og_site_name":"Association Fanarenana","article_modified_time":"2024-06-23T14:25:31+00:00","og_image":[{"url":"https:\/\/associationfanarenana.org\/wp-content\/uploads\/elementor\/thumbs\/P1190157-ql15v4ef552olm807r69c2qnev3m6315u4tah0ki9c.jpg"}],"twitter_card":"summary_large_image","twitter_misc":{"Dur\u00e9e de lecture estim\u00e9e":"2 minutes"},"schema":{"@context":"https:\/\/schema.org","@graph":[{"@type":"WebPage","@id":"https:\/\/associationfanarenana.org\/index.php\/autres-activites\/parrainages-dinterventions-medicales\/","url":"https:\/\/associationfanarenana.org\/index.php\/autres-activites\/parrainages-dinterventions-medicales\/","name":"Parrainages d'interventions m\u00e9dicales - Association Fanarenana","isPartOf":{"@id":"https:\/\/associationfanarenana.org\/#website"},"primaryImageOfPage":{"@id":"https:\/\/associationfanarenana.org\/index.php\/autres-activites\/parrainages-dinterventions-medicales\/#primaryimage"},"image":{"@id":"https:\/\/associationfanarenana.org\/index.php\/autres-activites\/parrainages-dinterventions-medicales\/#primaryimage"},"thumbnailUrl":"https:\/\/associationfanarenana.org\/wp-content\/uploads\/elementor\/thumbs\/P1190157-ql15v4ef552olm807r69c2qnev3m6315u4tah0ki9c.jpg","datePublished":"2024-03-06T10:57:01+00:00","dateModified":"2024-06-23T14:25:31+00:00","breadcrumb":{"@id":"https:\/\/associationfanarenana.org\/index.php\/autres-activites\/parrainages-dinterventions-medicales\/#breadcrumb"},"inLanguage":"fr-FR","potentialAction":[{"@type":"ReadAction","target":["https:\/\/associationfanarenana.org\/index.php\/autres-activites\/parrainages-dinterventions-medicales\/"]}]},{"@type":"ImageObject","inLanguage":"fr-FR","@id":"https:\/\/associationfanarenana.org\/index.php\/autres-activites\/parrainages-dinterventions-medicales\/#primaryimage","url":"https:\/\/associationfanarenana.org\/wp-content\/uploads\/elementor\/thumbs\/P1190157-ql15v4ef552olm807r69c2qnev3m6315u4tah0ki9c.jpg","contentUrl":"https:\/\/associationfanarenana.org\/wp-content\/uploads\/elementor\/thumbs\/P1190157-ql15v4ef552olm807r69c2qnev3m6315u4tah0ki9c.jpg"},{"@type":"BreadcrumbList","@id":"https:\/\/associationfanarenana.org\/index.php\/autres-activites\/parrainages-dinterventions-medicales\/#breadcrumb","itemListElement":[{"@type":"ListItem","position":1,"name":"Accueil","item":"https:\/\/associationfanarenana.org\/"},{"@type":"ListItem","position":2,"name":"Autres activit\u00e9s","item":"https:\/\/associationfanarenana.org\/index.php\/autres-activites\/"},{"@type":"ListItem","position":3,"name":"Parrainages d&#8217;interventions m\u00e9dicales"}]},{"@type":"WebSite","@id":"https:\/\/associationfanarenana.org\/#website","url":"https:\/\/associationfanarenana.org\/","name":"Association Fanarenana","description":"Promouvoir la r\u00e9adaptation des enfants et jeunes en situation de handicap \u00e0 Madagasacar","publisher":{"@id":"https:\/\/associationfanarenana.org\/#organization"},"potentialAction":[{"@type":"SearchAction","target":{"@type":"EntryPoint","urlTemplate":"https:\/\/associationfanarenana.org\/?s={search_term_string}"},"query-input":"required name=search_term_string"}],"inLanguage":"fr-FR"},{"@type":"Organization","@id":"https:\/\/associationfanarenana.org\/#organization","name":"Association Fanarenana","url":"https:\/\/associationfanarenana.org\/","logo":{"@type":"ImageObject","inLanguage":"fr-FR","@id":"https:\/\/associationfanarenana.org\/#\/schema\/logo\/image\/","url":"https:\/\/associationfanarenana.org\/wp-content\/uploads\/2023\/12\/Logo_Fanarenana1.png","contentUrl":"https:\/\/associationfanarenana.org\/wp-content\/uploads\/2023\/12\/Logo_Fanarenana1.png","width":488,"height":405,"caption":"Association Fanarenana"},"image":{"@id":"https:\/\/associationfanarenana.org\/#\/schema\/logo\/image\/"},"sameAs":["https:\/\/www.instagram.com\/association_fanarenana\/"]}]}},"_links":{"self":[{"href":"https:\/\/associationfanarenana.org\/index.php\/wp-json\/wp\/v2\/pages\/3321","targetHints":{"allow":["GET"]}}],"collection":[{"href":"https:\/\/associationfanarenana.org\/index.php\/wp-json\/wp\/v2\/pages"}],"about":[{"href":"https:\/\/associationfanarenana.org\/index.php\/wp-json\/wp\/v2\/types\/page"}],"author":[{"embeddable":true,"href":"https:\/\/associationfanarenana.org\/index.php\/wp-json\/wp\/v2\/users\/1"}],"replies":[{"embeddable":true,"href":"https:\/\/associationfanarenana.org\/index.php\/wp-json\/wp\/v2\/comments?post=3321"}],"version-history":[{"count":19,"href":"https:\/\/associationfanarenana.org\/index.php\/wp-json\/wp\/v2\/pages\/3321\/revisions"}],"predecessor-version":[{"id":5771,"href":"https:\/\/associationfanarenana.org\/index.php\/wp-json\/wp\/v2\/pages\/3321\/revisions\/5771"}],"up":[{"embeddable":true,"href":"https:\/\/associationfanarenana.org\/index.php\/wp-json\/wp\/v2\/pages\/67"}],"wp:attachment":[{"href":"https:\/\/associationfanarenana.org\/index.php\/wp-json\/wp\/v2\/media?parent=3321"}],"curies":[{"name":"wp","href":"https:\/\/api.w.org\/{rel}","templated":true}]}}